{"id":11753,"date":"2022-05-29T18:34:51","date_gmt":"2022-05-29T16:34:51","guid":{"rendered":"https:\/\/inprofit.eu\/aviso-legal\/"},"modified":"2025-10-23T12:31:09","modified_gmt":"2025-10-23T10:31:09","slug":"aviso-legal","status":"publish","type":"page","link":"https:\/\/inprofit.eu\/pt-pt\/aviso-legal\/","title":{"rendered":"Aviso legal"},"content":{"rendered":"\n<h1 class=\"wp-block-heading\" id=\"h-aviso-legal\">Aviso legal<\/h1>\n\n<p>Este site pertence \u00e0 INPROFIT CONSULTING, S.L. com NIF\/CIF B42605055 e endere\u00e7o em Primero de Mayo 4 CPOS 03804 de Alcoy, prov\u00edncia de Alicante em Espanha, com e-mail: <a href=\"mailto:info@inprofit.es\">info@inprofit.es.<\/a> O seu objetivo \u00e9 fornecer ao p\u00fablico em geral informa\u00e7\u00f5es sobre as actividades que desenvolve, os servi\u00e7os que presta e as carater\u00edsticas dos seus produtos.<\/p>\n\n<p>A INPROFIT CONSULTING, S.L. reserva-se o direito de modificar a qualquer momento e sem aviso pr\u00e9vio as informa\u00e7\u00f5es contidas no seu s\u00edtio Web ou a sua configura\u00e7\u00e3o e apresenta\u00e7\u00e3o.<\/p>\n\n<p>A INPROFIT CONSULTING, S.L. n\u00e3o se responsabiliza por quaisquer consequ\u00eancias ou danos resultantes do acesso a este s\u00edtio Web, da utiliza\u00e7\u00e3o da informa\u00e7\u00e3o nele contida ou do acesso a outros materiais na Internet atrav\u00e9s de liga\u00e7\u00f5es a este s\u00edtio Web.<\/p>\n\n<h2 class=\"wp-block-heading\" id=\"h-derechos\">Direitos<\/h2>\n\n<p>Os direitos de propriedade intelectual sobre todos os elementos inclu\u00eddos neste s\u00edtio Web, tais como, a t\u00edtulo enunciativo mas n\u00e3o limitativo, fotografias, desenhos, melodias, aplica\u00e7\u00f5es e outros, pertencem exclusivamente \u00e0 INPROFIT CONSULTING, S.L. . O acesso a este s\u00edtio Web n\u00e3o implica a autoriza\u00e7\u00e3o para a sua utiliza\u00e7\u00e3o, pelo que a utiliza\u00e7\u00e3o n\u00e3o autorizada poder\u00e1 dar lugar \u00e0s correspondentes responsabilidades civis e\/ou penais. <\/p>\n\n<p>Quaisquer refer\u00eancias feitas neste s\u00edtio Web a qualquer produto, servi\u00e7o, processo, liga\u00e7\u00e3o, hipertexto ou qualquer informa\u00e7\u00e3o que utilize a marca registada, o nome comercial ou o fabricante ou fornecedor, etc., propriedade de terceiros, n\u00e3o constituem nem implicam a aprova\u00e7\u00e3o, o patroc\u00ednio ou a recomenda\u00e7\u00e3o da INPROFIT CONSULTING, S.L. .<\/p>\n\n<p>Em geral, as rela\u00e7\u00f5es com os nossos clientes, decorrentes da presta\u00e7\u00e3o dos servi\u00e7os contidos no nosso s\u00edtio Web, est\u00e3o sujeitas \u00e0 legisla\u00e7\u00e3o e jurisdi\u00e7\u00e3o espanholas.<\/p>\n\n<p>INPROFIT CONSULTING, SL, sociedade inscrita no Registo Comercial de Alicante volume 4166 f\u00f3lio 135 p\u00e1gina A-162422, com C.I.F. B42605055<\/p>\n\n<p>Utiliza\u00e7\u00e3o de conte\u00fados multim\u00e9dia por terceiros: <a href=\"https:\/\/www.freepik.es\/legal\/terminos-de-uso\" target=\"_blank\" rel=\"noreferrer noopener\">Freepik<\/a><\/p>\n","protected":false},"excerpt":{"rendered":"<p>Aviso legal Este site pertence \u00e0 INPROFIT CONSULTING, S.L. com NIF\/CIF B42605055 e endere\u00e7o em Primero de Mayo 4 CPOS 03804 de Alcoy, prov\u00edncia de Alicante em Espanha, com e-mail: info@inprofit.es. O seu objetivo \u00e9 fornecer ao p\u00fablico em geral informa\u00e7\u00f5es sobre as actividades que desenvolve, os servi\u00e7os que presta e as carater\u00edsticas dos seus produtos. A INPROFIT CONSULTING, S.L. reserva-se o direito de modificar a qualquer momento e sem aviso pr\u00e9vio as informa\u00e7\u00f5es contidas no seu s\u00edtio Web ou a sua configura\u00e7\u00e3o e apresenta\u00e7\u00e3o. A INPROFIT CONSULTING, S.L. n\u00e3o se responsabiliza por quaisquer consequ\u00eancias ou danos resultantes do acesso a este s\u00edtio Web, da utiliza\u00e7\u00e3o da informa\u00e7\u00e3o nele contida ou do acesso a outros materiais na Internet atrav\u00e9s de liga\u00e7\u00f5es a este s\u00edtio Web. Direitos Os direitos de propriedade intelectual sobre todos os elementos inclu\u00eddos neste s\u00edtio Web, tais como, a t\u00edtulo enunciativo mas n\u00e3o limitativo, fotografias, desenhos, melodias, aplica\u00e7\u00f5es e outros, pertencem exclusivamente \u00e0 INPROFIT CONSULTING, S.L. . O acesso a este s\u00edtio Web n\u00e3o implica a autoriza\u00e7\u00e3o para a sua utiliza\u00e7\u00e3o, pelo que a utiliza\u00e7\u00e3o n\u00e3o autorizada poder\u00e1 dar lugar \u00e0s correspondentes responsabilidades civis e\/ou penais. Quaisquer refer\u00eancias feitas neste s\u00edtio Web a qualquer produto, servi\u00e7o, processo, liga\u00e7\u00e3o, hipertexto ou qualquer informa\u00e7\u00e3o que utilize a marca registada, o nome comercial ou o fabricante ou fornecedor, etc., propriedade de terceiros, n\u00e3o constituem nem implicam a aprova\u00e7\u00e3o, o patroc\u00ednio ou a recomenda\u00e7\u00e3o da INPROFIT CONSULTING, S.L. . Em geral, as rela\u00e7\u00f5es com os nossos clientes, decorrentes da presta\u00e7\u00e3o dos servi\u00e7os contidos no nosso s\u00edtio Web, est\u00e3o sujeitas \u00e0 legisla\u00e7\u00e3o e jurisdi\u00e7\u00e3o espanholas. INPROFIT CONSULTING, SL, sociedade inscrita no Registo Comercial de Alicante volume 4166 f\u00f3lio 135 p\u00e1gina A-162422, com C.I.F. B42605055 Utiliza\u00e7\u00e3o de conte\u00fados multim\u00e9dia por terceiros: Freepik<\/p>\n","protected":false},"author":1,"featured_media":0,"parent":0,"menu_order":0,"comment_status":"closed","ping_status":"closed","template":"","meta":{"footnotes":""},"class_list":["post-11753","page","type-page","status-publish","hentry"],"yoast_head":"<!-- This site is optimized with the Yoast SEO Premium plugin v27.1 (Yoast SEO v27.1.1) - https:\/\/yoast.com\/product\/yoast-seo-premium-wordpress\/ -->\n<title>Aviso Legal: Inprofit - Ag\u00eancia de Marketing 360\u00ba<\/title>\n<meta name=\"description\" content=\"Consulta o nosso Aviso Legal para conheceres os teus direitos e obriga\u00e7\u00f5es ao utilizares o nosso site. Transpar\u00eancia Inprofit.\" \/>\n<meta name=\"robots\" content=\"index, follow, max-snippet:-1, max-image-preview:large, max-video-preview:-1\" \/>\n<link rel=\"canonical\" href=\"https:\/\/inprofit.eu\/pt-pt\/aviso-legal\/\" \/>\n<meta property=\"og:locale\" content=\"pt_PT\" \/>\n<meta property=\"og:type\" content=\"article\" \/>\n<meta property=\"og:title\" content=\"Aviso legal - Agencia Martech | Inprofit\" \/>\n<meta property=\"og:description\" content=\"Descubre las \u00faltimas soluciones de Marketing, estrategias de ventas online y nuevas tecnolog\u00edas con Inprofit, Agencia Martech y E-commerce\" \/>\n<meta property=\"og:url\" content=\"https:\/\/inprofit.eu\/pt-pt\/aviso-legal\/\" \/>\n<meta property=\"og:site_name\" content=\"Inprofit\" \/>\n<meta property=\"article:publisher\" content=\"https:\/\/www.facebook.com\/Inprofit1\/\" \/>\n<meta property=\"article:modified_time\" content=\"2025-10-23T10:31:09+00:00\" \/>\n<meta property=\"og:image\" content=\"https:\/\/inprofit.eu\/wp-content\/uploads\/2026\/01\/Marketing-Agency.webp\" \/>\n\t<meta property=\"og:image:width\" content=\"1200\" \/>\n\t<meta property=\"og:image:height\" content=\"675\" \/>\n\t<meta property=\"og:image:type\" content=\"image\/webp\" \/>\n<meta name=\"twitter:card\" content=\"summary_large_image\" \/>\n<meta name=\"twitter:label1\" content=\"Tempo estimado de leitura\" \/>\n\t<meta name=\"twitter:data1\" content=\"2 minutos\" \/>\n<script type=\"application\/ld+json\" class=\"yoast-schema-graph\">{\"@context\":\"https:\/\/schema.org\",\"@graph\":[{\"@type\":\"WebPage\",\"@id\":\"https:\/\/inprofit.eu\/pt-pt\/aviso-legal\/\",\"url\":\"https:\/\/inprofit.eu\/pt-pt\/aviso-legal\/\",\"name\":\"Aviso Legal: Inprofit - Ag\u00eancia de Marketing 360\u00ba\",\"isPartOf\":{\"@id\":\"https:\/\/inprofit.eu\/pt-pt\/#website\"},\"datePublished\":\"2022-05-29T16:34:51+00:00\",\"dateModified\":\"2025-10-23T10:31:09+00:00\",\"description\":\"Consulta o nosso Aviso Legal para conheceres os teus direitos e obriga\u00e7\u00f5es ao utilizares o nosso site. Transpar\u00eancia Inprofit.\",\"breadcrumb\":{\"@id\":\"https:\/\/inprofit.eu\/pt-pt\/aviso-legal\/#breadcrumb\"},\"inLanguage\":\"pt-PT\",\"potentialAction\":[{\"@type\":\"ReadAction\",\"target\":[\"https:\/\/inprofit.eu\/pt-pt\/aviso-legal\/\"]}]},{\"@type\":\"BreadcrumbList\",\"@id\":\"https:\/\/inprofit.eu\/pt-pt\/aviso-legal\/#breadcrumb\",\"itemListElement\":[{\"@type\":\"ListItem\",\"position\":1,\"name\":\"Persiana\",\"item\":\"https:\/\/inprofit.eu\/pt-pt\/casa\/\"},{\"@type\":\"ListItem\",\"position\":2,\"name\":\"Aviso legal\"}]},{\"@type\":\"WebSite\",\"@id\":\"https:\/\/inprofit.eu\/pt-pt\/#website\",\"url\":\"https:\/\/inprofit.eu\/pt-pt\/\",\"name\":\"Inprofit\",\"description\":\"Ag\u00eancia de marketing e tecnologia\",\"publisher\":{\"@id\":\"https:\/\/inprofit.eu\/pt-pt\/#organization\"},\"alternateName\":\"Inprofit\",\"potentialAction\":[{\"@type\":\"SearchAction\",\"target\":{\"@type\":\"EntryPoint\",\"urlTemplate\":\"https:\/\/inprofit.eu\/pt-pt\/?s={search_term_string}\"},\"query-input\":{\"@type\":\"PropertyValueSpecification\",\"valueRequired\":true,\"valueName\":\"search_term_string\"}}],\"inLanguage\":\"pt-PT\"},{\"@type\":\"Organization\",\"@id\":\"https:\/\/inprofit.eu\/pt-pt\/#organization\",\"name\":\"Inprofit\",\"alternateName\":\"Inprofit\",\"url\":\"https:\/\/inprofit.eu\/pt-pt\/\",\"logo\":{\"@type\":\"ImageObject\",\"inLanguage\":\"pt-PT\",\"@id\":\"https:\/\/inprofit.eu\/pt-pt\/#\/schema\/logo\/image\/\",\"url\":\"https:\/\/inprofit.eu\/wp-content\/uploads\/2024\/12\/Inprofit-agencia-360.webp\",\"contentUrl\":\"https:\/\/inprofit.eu\/wp-content\/uploads\/2024\/12\/Inprofit-agencia-360.webp\",\"width\":1080,\"height\":1080,\"caption\":\"Inprofit\"},\"image\":{\"@id\":\"https:\/\/inprofit.eu\/pt-pt\/#\/schema\/logo\/image\/\"},\"sameAs\":[\"https:\/\/www.facebook.com\/Inprofit1\/\",\"https:\/\/es.linkedin.com\/company\/inprofit\",\"https:\/\/www.tiktok.com\/@inprofit.1\",\"https:\/\/www.instagram.com\/inprofit.1\/\"],\"description\":\"Ag\u00eancia de marketing, estrat\u00e9gia e transforma\u00e7\u00e3o digital para empresas e PMEs. Impulsionamos o teu crescimento com solu\u00e7\u00f5es personalizadas, integrando inova\u00e7\u00e3o, criatividade e tecnologia para maximizar o teu impacto no mundo digital e f\u00edsico. \",\"email\":\"info@inprofit.eu\",\"telephone\":\"+34965594272\",\"legalName\":\"Inprofit Consulting SL\",\"foundingDate\":\"2018-10-18\",\"vatID\":\"B42605055\",\"taxID\":\"B42605055\",\"numberOfEmployees\":{\"@type\":\"QuantitativeValue\",\"minValue\":\"11\",\"maxValue\":\"50\"}}]}<\/script>\n<!-- \/ Yoast SEO Premium plugin. -->","yoast_head_json":{"title":"Aviso Legal: Inprofit - Ag\u00eancia de Marketing 360\u00ba","description":"Consulta o nosso Aviso Legal para conheceres os teus direitos e obriga\u00e7\u00f5es ao utilizares o nosso site. Transpar\u00eancia Inprofit.","robots":{"index":"index","follow":"follow","max-snippet":"max-snippet:-1","max-image-preview":"max-image-preview:large","max-video-preview":"max-video-preview:-1"},"canonical":"https:\/\/inprofit.eu\/pt-pt\/aviso-legal\/","og_locale":"pt_PT","og_type":"article","og_title":"Aviso legal - Agencia Martech | Inprofit","og_description":"Descubre las \u00faltimas soluciones de Marketing, estrategias de ventas online y nuevas tecnolog\u00edas con Inprofit, Agencia Martech y E-commerce","og_url":"https:\/\/inprofit.eu\/pt-pt\/aviso-legal\/","og_site_name":"Inprofit","article_publisher":"https:\/\/www.facebook.com\/Inprofit1\/","article_modified_time":"2025-10-23T10:31:09+00:00","og_image":[{"width":1200,"height":675,"url":"https:\/\/inprofit.eu\/wp-content\/uploads\/2026\/01\/Marketing-Agency.webp","type":"image\/webp"}],"twitter_card":"summary_large_image","twitter_misc":{"Tempo estimado de leitura":"2 minutos"},"schema":{"@context":"https:\/\/schema.org","@graph":[{"@type":"WebPage","@id":"https:\/\/inprofit.eu\/pt-pt\/aviso-legal\/","url":"https:\/\/inprofit.eu\/pt-pt\/aviso-legal\/","name":"Aviso Legal: Inprofit - Ag\u00eancia de Marketing 360\u00ba","isPartOf":{"@id":"https:\/\/inprofit.eu\/pt-pt\/#website"},"datePublished":"2022-05-29T16:34:51+00:00","dateModified":"2025-10-23T10:31:09+00:00","description":"Consulta o nosso Aviso Legal para conheceres os teus direitos e obriga\u00e7\u00f5es ao utilizares o nosso site. Transpar\u00eancia Inprofit.","breadcrumb":{"@id":"https:\/\/inprofit.eu\/pt-pt\/aviso-legal\/#breadcrumb"},"inLanguage":"pt-PT","potentialAction":[{"@type":"ReadAction","target":["https:\/\/inprofit.eu\/pt-pt\/aviso-legal\/"]}]},{"@type":"BreadcrumbList","@id":"https:\/\/inprofit.eu\/pt-pt\/aviso-legal\/#breadcrumb","itemListElement":[{"@type":"ListItem","position":1,"name":"Persiana","item":"https:\/\/inprofit.eu\/pt-pt\/casa\/"},{"@type":"ListItem","position":2,"name":"Aviso legal"}]},{"@type":"WebSite","@id":"https:\/\/inprofit.eu\/pt-pt\/#website","url":"https:\/\/inprofit.eu\/pt-pt\/","name":"Inprofit","description":"Ag\u00eancia de marketing e tecnologia","publisher":{"@id":"https:\/\/inprofit.eu\/pt-pt\/#organization"},"alternateName":"Inprofit","potentialAction":[{"@type":"SearchAction","target":{"@type":"EntryPoint","urlTemplate":"https:\/\/inprofit.eu\/pt-pt\/?s={search_term_string}"},"query-input":{"@type":"PropertyValueSpecification","valueRequired":true,"valueName":"search_term_string"}}],"inLanguage":"pt-PT"},{"@type":"Organization","@id":"https:\/\/inprofit.eu\/pt-pt\/#organization","name":"Inprofit","alternateName":"Inprofit","url":"https:\/\/inprofit.eu\/pt-pt\/","logo":{"@type":"ImageObject","inLanguage":"pt-PT","@id":"https:\/\/inprofit.eu\/pt-pt\/#\/schema\/logo\/image\/","url":"https:\/\/inprofit.eu\/wp-content\/uploads\/2024\/12\/Inprofit-agencia-360.webp","contentUrl":"https:\/\/inprofit.eu\/wp-content\/uploads\/2024\/12\/Inprofit-agencia-360.webp","width":1080,"height":1080,"caption":"Inprofit"},"image":{"@id":"https:\/\/inprofit.eu\/pt-pt\/#\/schema\/logo\/image\/"},"sameAs":["https:\/\/www.facebook.com\/Inprofit1\/","https:\/\/es.linkedin.com\/company\/inprofit","https:\/\/www.tiktok.com\/@inprofit.1","https:\/\/www.instagram.com\/inprofit.1\/"],"description":"Ag\u00eancia de marketing, estrat\u00e9gia e transforma\u00e7\u00e3o digital para empresas e PMEs. Impulsionamos o teu crescimento com solu\u00e7\u00f5es personalizadas, integrando inova\u00e7\u00e3o, criatividade e tecnologia para maximizar o teu impacto no mundo digital e f\u00edsico. ","email":"info@inprofit.eu","telephone":"+34965594272","legalName":"Inprofit Consulting SL","foundingDate":"2018-10-18","vatID":"B42605055","taxID":"B42605055","numberOfEmployees":{"@type":"QuantitativeValue","minValue":"11","maxValue":"50"}}]}},"_links":{"self":[{"href":"https:\/\/inprofit.eu\/pt-pt\/wp-json\/wp\/v2\/pages\/11753","targetHints":{"allow":["GET"]}}],"collection":[{"href":"https:\/\/inprofit.eu\/pt-pt\/wp-json\/wp\/v2\/pages"}],"about":[{"href":"https:\/\/inprofit.eu\/pt-pt\/wp-json\/wp\/v2\/types\/page"}],"author":[{"embeddable":true,"href":"https:\/\/inprofit.eu\/pt-pt\/wp-json\/wp\/v2\/users\/1"}],"replies":[{"embeddable":true,"href":"https:\/\/inprofit.eu\/pt-pt\/wp-json\/wp\/v2\/comments?post=11753"}],"version-history":[{"count":0,"href":"https:\/\/inprofit.eu\/pt-pt\/wp-json\/wp\/v2\/pages\/11753\/revisions"}],"wp:attachment":[{"href":"https:\/\/inprofit.eu\/pt-pt\/wp-json\/wp\/v2\/media?parent=11753"}],"curies":[{"name":"wp","href":"https:\/\/api.w.org\/{rel}","templated":true}]}}