{"id":11757,"date":"2024-05-06T10:31:19","date_gmt":"2024-05-06T08:31:19","guid":{"rendered":"https:\/\/inprofit.eu\/politica-de-cookies\/"},"modified":"2025-10-23T12:30:49","modified_gmt":"2025-10-23T10:30:49","slug":"politica-de-cookies","status":"publish","type":"page","link":"https:\/\/inprofit.eu\/pt-pt\/politica-de-cookies\/","title":{"rendered":"Pol\u00edtica de cookies"},"content":{"rendered":"\n<h1 class=\"wp-block-heading\" id=\"h-politica-de-cookies\">Pol\u00edtica de cookies<\/h1>\n\n<p><strong>INFORMA\u00c7\u00d5ES SOBRE COOKIES:<\/strong><\/p>\n\n<p>Os cookies s\u00e3o ficheiros que podem ser descarregados para o teu computador pelos s\u00edtios Web. S\u00e3o ferramentas que desempenham um papel essencial na presta\u00e7\u00e3o de numerosos servi\u00e7os da sociedade da informa\u00e7\u00e3o. Permitem, entre outras coisas, que um s\u00edtio Web armazene e recupere informa\u00e7\u00f5es sobre os h\u00e1bitos de navega\u00e7\u00e3o de um utilizador ou do seu equipamento e, em fun\u00e7\u00e3o das informa\u00e7\u00f5es obtidas, podem ser utilizados para reconhecer o utilizador e melhorar o servi\u00e7o oferecido.  <\/p>\n\n<h2 class=\"wp-block-heading\" id=\"h-tipos-de-cookies\"><strong>TIPOS DE COOKIES<\/strong><\/h2>\n\n<p>Em fun\u00e7\u00e3o da entidade que gere o dom\u00ednio a partir do qual os cookies s\u00e3o enviados e que trata os dados obtidos, podem distinguir-se dois tipos de cookies: os cookies pr\u00f3prios e os cookies de terceiros.<\/p>\n\n<p>Existe ainda uma segunda classifica\u00e7\u00e3o de acordo com o tempo que permanecem armazenados no browser do cliente, que podem ser cookies de sess\u00e3o ou cookies persistentes.<\/p>\n\n<p>Por \u00faltimo, existe outra classifica\u00e7\u00e3o com cinco tipos de cookies em fun\u00e7\u00e3o da finalidade para a qual os dados obtidos s\u00e3o tratados: cookies t\u00e9cnicos, cookies de personaliza\u00e7\u00e3o, cookies de an\u00e1lise, cookies de publicidade e cookies de publicidade comportamental.<\/p>\n\n<p><strong>COOKIES UTILIZADOS NO S\u00cdTIO WEB:<\/strong><\/p>\n\n<p>A seguir, identificamos os cookies que est\u00e3o a ser utilizados neste portal, bem como o seu tipo e fun\u00e7\u00e3o: Um cookie t\u00e9cnico pr\u00f3prio denominado PHPSESSID, necess\u00e1rio para a navega\u00e7\u00e3o correta nas p\u00e1ginas web. Cookies do Google Analytics, um servi\u00e7o de an\u00e1lise web desenvolvido pela Google, que permite a medi\u00e7\u00e3o e an\u00e1lise da navega\u00e7\u00e3o nas p\u00e1ginas web. No seu navegador, poder\u00e1 observar 4 cookies deste servi\u00e7o. De acordo com a tipologia anterior, trata-se de cookies pr\u00f3prios, de sess\u00e3o e de an\u00e1lise. Pode encontrar mais informa\u00e7\u00f5es a este respeito e desativar a utiliza\u00e7\u00e3o destes cookies em: <a href=\"https:\/\/support.google.com\/analytics\/?hl=en#topic=14090456\" target=\"_blank\" rel=\"noreferrer noopener\">Google Analytics<\/a> Atrav\u00e9s da an\u00e1lise web n\u00e3o se obt\u00e9m informa\u00e7\u00e3o sobre os seus dados pessoais, garantindo a prote\u00e7\u00e3o da privacidade das pessoas que navegam na web. A informa\u00e7\u00e3o obtida \u00e9 relativa ao n\u00famero de utilizadores que acedem \u00e0 web, o n\u00famero de p\u00e1ginas visitadas, a frequ\u00eancia e repeti\u00e7\u00e3o das visitas, a sua dura\u00e7\u00e3o, o navegador utilizado, o operador que presta o servi\u00e7o, o idioma, o terminal utilizado ou a cidade \u00e0 qual est\u00e1 atribu\u00eddo o seu endere\u00e7o IP. Informa\u00e7\u00e3o que permite um servi\u00e7o melhor e mais adequado por parte deste portal.      <\/p>\n\n<p><strong>COMO ALTERAR AS TUAS DEFINI\u00c7\u00d5ES DE COOKIES:<\/strong><\/p>\n\n<p>Podes restringir, bloquear ou apagar os cookies deste site ou de qualquer outra p\u00e1gina web, utilizando o teu browser. Cada browser funciona de forma diferente, a fun\u00e7\u00e3o de Ajuda mostrar-te-\u00e1 como o fazer. <\/p>\n\n<p><strong>Internet Explorer: <\/strong><a href=\"https:\/\/www.microsoft.com\/es-es\/microsoft-365\" target=\"_blank\" rel=\"noreferrer noopener\">http:\/\/windows.microsoft.com\/<\/a><\/p>\n\n<p>\u25cf <strong>FireFox: <\/strong><a href=\"https:\/\/support.mozilla.org\/es\/products\/firefox\" target=\"_blank\" rel=\"noreferrer noopener\">https:\/\/support.mozilla.org\/es\/kb\/Borrar cookies<\/a><\/p>\n\n<p>\u25cf <strong>Chrome: <\/strong><a href=\"https:\/\/support.google.com\/chrome\/answer\/95647?hl=es\" target=\"_blank\" rel=\"noreferrer noopener\">https:\/\/support.google.com\/chrome\/answer\/95647?hl=&#8221;en&#8221;<\/a><\/p>\n","protected":false},"excerpt":{"rendered":"<p>Pol\u00edtica de cookies INFORMA\u00c7\u00d5ES SOBRE COOKIES: Os cookies s\u00e3o ficheiros que podem ser descarregados para o teu computador pelos s\u00edtios Web. S\u00e3o ferramentas que desempenham um papel essencial na presta\u00e7\u00e3o de numerosos servi\u00e7os da sociedade da informa\u00e7\u00e3o. Permitem, entre outras coisas, que um s\u00edtio Web armazene e recupere informa\u00e7\u00f5es sobre os h\u00e1bitos de navega\u00e7\u00e3o de um utilizador ou do seu equipamento e, em fun\u00e7\u00e3o das informa\u00e7\u00f5es obtidas, podem ser utilizados para reconhecer o utilizador e melhorar o servi\u00e7o oferecido. TIPOS DE COOKIES Em fun\u00e7\u00e3o da entidade que gere o dom\u00ednio a partir do qual os cookies s\u00e3o enviados e que trata os dados obtidos, podem distinguir-se dois tipos de cookies: os cookies pr\u00f3prios e os cookies de terceiros. Existe ainda uma segunda classifica\u00e7\u00e3o de acordo com o tempo que permanecem armazenados no browser do cliente, que podem ser cookies de sess\u00e3o ou cookies persistentes. Por \u00faltimo, existe outra classifica\u00e7\u00e3o com cinco tipos de cookies em fun\u00e7\u00e3o da finalidade para a qual os dados obtidos s\u00e3o tratados: cookies t\u00e9cnicos, cookies de personaliza\u00e7\u00e3o, cookies de an\u00e1lise, cookies de publicidade e cookies de publicidade comportamental. COOKIES UTILIZADOS NO S\u00cdTIO WEB: A seguir, identificamos os cookies que est\u00e3o a ser utilizados neste portal, bem como o seu tipo e fun\u00e7\u00e3o: Um cookie t\u00e9cnico pr\u00f3prio denominado PHPSESSID, necess\u00e1rio para a navega\u00e7\u00e3o correta nas p\u00e1ginas web. Cookies do Google Analytics, um servi\u00e7o de an\u00e1lise web desenvolvido pela Google, que permite a medi\u00e7\u00e3o e an\u00e1lise da navega\u00e7\u00e3o nas p\u00e1ginas web. No seu navegador, poder\u00e1 observar 4 cookies deste servi\u00e7o. De acordo com a tipologia anterior, trata-se de cookies pr\u00f3prios, de sess\u00e3o e de an\u00e1lise. Pode encontrar mais informa\u00e7\u00f5es a este respeito e desativar a utiliza\u00e7\u00e3o destes cookies em: Google Analytics Atrav\u00e9s da an\u00e1lise web n\u00e3o se obt\u00e9m informa\u00e7\u00e3o sobre os seus dados pessoais, garantindo a prote\u00e7\u00e3o da privacidade das pessoas que navegam na web. A informa\u00e7\u00e3o obtida \u00e9 relativa ao n\u00famero de utilizadores que acedem \u00e0 web, o n\u00famero de p\u00e1ginas visitadas, a frequ\u00eancia e repeti\u00e7\u00e3o das visitas, a sua dura\u00e7\u00e3o, o navegador utilizado, o operador que presta o servi\u00e7o, o idioma, o terminal utilizado ou a cidade \u00e0 qual est\u00e1 atribu\u00eddo o seu endere\u00e7o IP. Informa\u00e7\u00e3o que permite um servi\u00e7o melhor e mais adequado por parte deste portal. COMO ALTERAR AS TUAS DEFINI\u00c7\u00d5ES DE COOKIES: Podes restringir, bloquear ou apagar os cookies deste site ou de qualquer outra p\u00e1gina web, utilizando o teu browser. Cada browser funciona de forma diferente, a fun\u00e7\u00e3o de Ajuda mostrar-te-\u00e1 como o fazer. Internet Explorer: http:\/\/windows.microsoft.com\/ \u25cf FireFox: https:\/\/support.mozilla.org\/es\/kb\/Borrar cookies \u25cf Chrome: https:\/\/support.google.com\/chrome\/answer\/95647?hl=&#8221;en&#8221;<\/p>\n","protected":false},"author":1,"featured_media":0,"parent":0,"menu_order":0,"comment_status":"closed","ping_status":"closed","template":"","meta":{"footnotes":""},"class_list":["post-11757","page","type-page","status-publish","hentry"],"yoast_head":"<!-- This site is optimized with the Yoast SEO Premium plugin v27.4 (Yoast SEO v27.4) - https:\/\/yoast.com\/product\/yoast-seo-premium-wordpress\/ -->\n<title>Pol\u00edtica de cookies: Gest\u00e3o e utiliza\u00e7\u00e3o respons\u00e1vel - Inprofit<\/title>\n<meta name=\"description\" content=\"Aprende como utilizamos os cookies para melhorar a tua experi\u00eancia. Aprende a gerir e a ajustar as tuas prefer\u00eancias de navega\u00e7\u00e3o na Web.\" \/>\n<meta name=\"robots\" content=\"index, follow, max-snippet:-1, max-image-preview:large, max-video-preview:-1\" \/>\n<link rel=\"canonical\" href=\"https:\/\/inprofit.eu\/pt-pt\/politica-de-cookies\/\" \/>\n<meta property=\"og:locale\" content=\"pt_PT\" \/>\n<meta property=\"og:type\" content=\"article\" \/>\n<meta property=\"og:title\" content=\"Pol\u00edtica de cookies - Agencia Martech | Inprofit\" \/>\n<meta property=\"og:description\" content=\"Descubre las \u00faltimas soluciones de Marketing, estrategias de ventas online y nuevas tecnolog\u00edas con Inprofit, Agencia Martech y E-commerce\" \/>\n<meta property=\"og:url\" content=\"https:\/\/inprofit.eu\/pt-pt\/politica-de-cookies\/\" \/>\n<meta property=\"og:site_name\" content=\"Inprofit\" \/>\n<meta property=\"article:publisher\" content=\"https:\/\/www.facebook.com\/Inprofit1\/\" \/>\n<meta property=\"article:modified_time\" content=\"2025-10-23T10:30:49+00:00\" \/>\n<meta property=\"og:image\" content=\"https:\/\/inprofit.eu\/wp-content\/uploads\/2026\/01\/Marketing-Agency.webp\" \/>\n\t<meta property=\"og:image:width\" content=\"1200\" \/>\n\t<meta property=\"og:image:height\" content=\"675\" \/>\n\t<meta property=\"og:image:type\" content=\"image\/webp\" \/>\n<meta name=\"twitter:card\" content=\"summary_large_image\" \/>\n<meta name=\"twitter:label1\" content=\"Tempo estimado de leitura\" \/>\n\t<meta name=\"twitter:data1\" content=\"3 minutos\" \/>\n<script type=\"application\/ld+json\" class=\"yoast-schema-graph\">{\"@context\":\"https:\\\/\\\/schema.org\",\"@graph\":[{\"@type\":\"WebPage\",\"@id\":\"https:\\\/\\\/inprofit.eu\\\/pt-pt\\\/politica-de-cookies\\\/\",\"url\":\"https:\\\/\\\/inprofit.eu\\\/pt-pt\\\/politica-de-cookies\\\/\",\"name\":\"Pol\u00edtica de cookies: Gest\u00e3o e utiliza\u00e7\u00e3o respons\u00e1vel - Inprofit\",\"isPartOf\":{\"@id\":\"https:\\\/\\\/inprofit.eu\\\/pt-pt\\\/#website\"},\"datePublished\":\"2024-05-06T08:31:19+00:00\",\"dateModified\":\"2025-10-23T10:30:49+00:00\",\"description\":\"Aprende como utilizamos os cookies para melhorar a tua experi\u00eancia. Aprende a gerir e a ajustar as tuas prefer\u00eancias de navega\u00e7\u00e3o na Web.\",\"breadcrumb\":{\"@id\":\"https:\\\/\\\/inprofit.eu\\\/pt-pt\\\/politica-de-cookies\\\/#breadcrumb\"},\"inLanguage\":\"pt-PT\",\"potentialAction\":[{\"@type\":\"ReadAction\",\"target\":[\"https:\\\/\\\/inprofit.eu\\\/pt-pt\\\/politica-de-cookies\\\/\"]}]},{\"@type\":\"BreadcrumbList\",\"@id\":\"https:\\\/\\\/inprofit.eu\\\/pt-pt\\\/politica-de-cookies\\\/#breadcrumb\",\"itemListElement\":[{\"@type\":\"ListItem\",\"position\":1,\"name\":\"Persiana\",\"item\":\"https:\\\/\\\/inprofit.eu\\\/pt-pt\\\/casa\\\/\"},{\"@type\":\"ListItem\",\"position\":2,\"name\":\"Pol\u00edtica de cookies\"}]},{\"@type\":\"WebSite\",\"@id\":\"https:\\\/\\\/inprofit.eu\\\/pt-pt\\\/#website\",\"url\":\"https:\\\/\\\/inprofit.eu\\\/pt-pt\\\/\",\"name\":\"Inprofit\",\"description\":\"Ag\u00eancia de marketing e tecnologia\",\"publisher\":{\"@id\":\"https:\\\/\\\/inprofit.eu\\\/pt-pt\\\/#organization\"},\"alternateName\":\"Inprofit\",\"potentialAction\":[{\"@type\":\"SearchAction\",\"target\":{\"@type\":\"EntryPoint\",\"urlTemplate\":\"https:\\\/\\\/inprofit.eu\\\/pt-pt\\\/?s={search_term_string}\"},\"query-input\":{\"@type\":\"PropertyValueSpecification\",\"valueRequired\":true,\"valueName\":\"search_term_string\"}}],\"inLanguage\":\"pt-PT\"},{\"@type\":\"Organization\",\"@id\":\"https:\\\/\\\/inprofit.eu\\\/pt-pt\\\/#organization\",\"name\":\"Inprofit\",\"alternateName\":\"Inprofit\",\"url\":\"https:\\\/\\\/inprofit.eu\\\/pt-pt\\\/\",\"logo\":{\"@type\":\"ImageObject\",\"inLanguage\":\"pt-PT\",\"@id\":\"https:\\\/\\\/inprofit.eu\\\/pt-pt\\\/#\\\/schema\\\/logo\\\/image\\\/\",\"url\":\"https:\\\/\\\/inprofit.eu\\\/wp-content\\\/uploads\\\/2024\\\/12\\\/Inprofit-agencia-360.webp\",\"contentUrl\":\"https:\\\/\\\/inprofit.eu\\\/wp-content\\\/uploads\\\/2024\\\/12\\\/Inprofit-agencia-360.webp\",\"width\":1080,\"height\":1080,\"caption\":\"Inprofit\"},\"image\":{\"@id\":\"https:\\\/\\\/inprofit.eu\\\/pt-pt\\\/#\\\/schema\\\/logo\\\/image\\\/\"},\"sameAs\":[\"https:\\\/\\\/www.facebook.com\\\/Inprofit1\\\/\",\"https:\\\/\\\/es.linkedin.com\\\/company\\\/inprofit\",\"https:\\\/\\\/www.tiktok.com\\\/@inprofit.1\",\"https:\\\/\\\/www.instagram.com\\\/inprofit.1\\\/\"],\"description\":\"Ag\u00eancia de marketing, estrat\u00e9gia e transforma\u00e7\u00e3o digital para empresas e PMEs. Impulsionamos o teu crescimento com solu\u00e7\u00f5es personalizadas, integrando inova\u00e7\u00e3o, criatividade e tecnologia para maximizar o teu impacto no mundo digital e f\u00edsico. \",\"email\":\"info@inprofit.eu\",\"telephone\":\"+34965594272\",\"legalName\":\"Inprofit Consulting SL\",\"foundingDate\":\"2018-10-18\",\"vatID\":\"B42605055\",\"taxID\":\"B42605055\",\"numberOfEmployees\":{\"@type\":\"QuantitativeValue\",\"minValue\":\"11\",\"maxValue\":\"50\"}}]}<\/script>\n<!-- \/ Yoast SEO Premium plugin. -->","yoast_head_json":{"title":"Pol\u00edtica de cookies: Gest\u00e3o e utiliza\u00e7\u00e3o respons\u00e1vel - Inprofit","description":"Aprende como utilizamos os cookies para melhorar a tua experi\u00eancia. Aprende a gerir e a ajustar as tuas prefer\u00eancias de navega\u00e7\u00e3o na Web.","robots":{"index":"index","follow":"follow","max-snippet":"max-snippet:-1","max-image-preview":"max-image-preview:large","max-video-preview":"max-video-preview:-1"},"canonical":"https:\/\/inprofit.eu\/pt-pt\/politica-de-cookies\/","og_locale":"pt_PT","og_type":"article","og_title":"Pol\u00edtica de cookies - Agencia Martech | Inprofit","og_description":"Descubre las \u00faltimas soluciones de Marketing, estrategias de ventas online y nuevas tecnolog\u00edas con Inprofit, Agencia Martech y E-commerce","og_url":"https:\/\/inprofit.eu\/pt-pt\/politica-de-cookies\/","og_site_name":"Inprofit","article_publisher":"https:\/\/www.facebook.com\/Inprofit1\/","article_modified_time":"2025-10-23T10:30:49+00:00","og_image":[{"width":1200,"height":675,"url":"https:\/\/inprofit.eu\/wp-content\/uploads\/2026\/01\/Marketing-Agency.webp","type":"image\/webp"}],"twitter_card":"summary_large_image","twitter_misc":{"Tempo estimado de leitura":"3 minutos"},"schema":{"@context":"https:\/\/schema.org","@graph":[{"@type":"WebPage","@id":"https:\/\/inprofit.eu\/pt-pt\/politica-de-cookies\/","url":"https:\/\/inprofit.eu\/pt-pt\/politica-de-cookies\/","name":"Pol\u00edtica de cookies: Gest\u00e3o e utiliza\u00e7\u00e3o respons\u00e1vel - Inprofit","isPartOf":{"@id":"https:\/\/inprofit.eu\/pt-pt\/#website"},"datePublished":"2024-05-06T08:31:19+00:00","dateModified":"2025-10-23T10:30:49+00:00","description":"Aprende como utilizamos os cookies para melhorar a tua experi\u00eancia. Aprende a gerir e a ajustar as tuas prefer\u00eancias de navega\u00e7\u00e3o na Web.","breadcrumb":{"@id":"https:\/\/inprofit.eu\/pt-pt\/politica-de-cookies\/#breadcrumb"},"inLanguage":"pt-PT","potentialAction":[{"@type":"ReadAction","target":["https:\/\/inprofit.eu\/pt-pt\/politica-de-cookies\/"]}]},{"@type":"BreadcrumbList","@id":"https:\/\/inprofit.eu\/pt-pt\/politica-de-cookies\/#breadcrumb","itemListElement":[{"@type":"ListItem","position":1,"name":"Persiana","item":"https:\/\/inprofit.eu\/pt-pt\/casa\/"},{"@type":"ListItem","position":2,"name":"Pol\u00edtica de cookies"}]},{"@type":"WebSite","@id":"https:\/\/inprofit.eu\/pt-pt\/#website","url":"https:\/\/inprofit.eu\/pt-pt\/","name":"Inprofit","description":"Ag\u00eancia de marketing e tecnologia","publisher":{"@id":"https:\/\/inprofit.eu\/pt-pt\/#organization"},"alternateName":"Inprofit","potentialAction":[{"@type":"SearchAction","target":{"@type":"EntryPoint","urlTemplate":"https:\/\/inprofit.eu\/pt-pt\/?s={search_term_string}"},"query-input":{"@type":"PropertyValueSpecification","valueRequired":true,"valueName":"search_term_string"}}],"inLanguage":"pt-PT"},{"@type":"Organization","@id":"https:\/\/inprofit.eu\/pt-pt\/#organization","name":"Inprofit","alternateName":"Inprofit","url":"https:\/\/inprofit.eu\/pt-pt\/","logo":{"@type":"ImageObject","inLanguage":"pt-PT","@id":"https:\/\/inprofit.eu\/pt-pt\/#\/schema\/logo\/image\/","url":"https:\/\/inprofit.eu\/wp-content\/uploads\/2024\/12\/Inprofit-agencia-360.webp","contentUrl":"https:\/\/inprofit.eu\/wp-content\/uploads\/2024\/12\/Inprofit-agencia-360.webp","width":1080,"height":1080,"caption":"Inprofit"},"image":{"@id":"https:\/\/inprofit.eu\/pt-pt\/#\/schema\/logo\/image\/"},"sameAs":["https:\/\/www.facebook.com\/Inprofit1\/","https:\/\/es.linkedin.com\/company\/inprofit","https:\/\/www.tiktok.com\/@inprofit.1","https:\/\/www.instagram.com\/inprofit.1\/"],"description":"Ag\u00eancia de marketing, estrat\u00e9gia e transforma\u00e7\u00e3o digital para empresas e PMEs. Impulsionamos o teu crescimento com solu\u00e7\u00f5es personalizadas, integrando inova\u00e7\u00e3o, criatividade e tecnologia para maximizar o teu impacto no mundo digital e f\u00edsico. ","email":"info@inprofit.eu","telephone":"+34965594272","legalName":"Inprofit Consulting SL","foundingDate":"2018-10-18","vatID":"B42605055","taxID":"B42605055","numberOfEmployees":{"@type":"QuantitativeValue","minValue":"11","maxValue":"50"}}]}},"_links":{"self":[{"href":"https:\/\/inprofit.eu\/pt-pt\/wp-json\/wp\/v2\/pages\/11757","targetHints":{"allow":["GET"]}}],"collection":[{"href":"https:\/\/inprofit.eu\/pt-pt\/wp-json\/wp\/v2\/pages"}],"about":[{"href":"https:\/\/inprofit.eu\/pt-pt\/wp-json\/wp\/v2\/types\/page"}],"author":[{"embeddable":true,"href":"https:\/\/inprofit.eu\/pt-pt\/wp-json\/wp\/v2\/users\/1"}],"replies":[{"embeddable":true,"href":"https:\/\/inprofit.eu\/pt-pt\/wp-json\/wp\/v2\/comments?post=11757"}],"version-history":[{"count":0,"href":"https:\/\/inprofit.eu\/pt-pt\/wp-json\/wp\/v2\/pages\/11757\/revisions"}],"wp:attachment":[{"href":"https:\/\/inprofit.eu\/pt-pt\/wp-json\/wp\/v2\/media?parent=11757"}],"curies":[{"name":"wp","href":"https:\/\/api.w.org\/{rel}","templated":true}]}}